{"id":74,"date":"2023-12-25T11:48:55","date_gmt":"2023-12-25T11:48:55","guid":{"rendered":"https:\/\/freechatrandom.com\/?page_id=74"},"modified":"2023-12-25T12:27:11","modified_gmt":"2023-12-25T12:27:11","slug":"su-rieng-tu","status":"publish","type":"page","link":"https:\/\/freechatrandom.com\/vi\/su-rieng-tu\/","title":{"rendered":"S\u1ef1 ri\u00eang t\u01b0"},"content":{"rendered":"<div data-elementor-type=\"wp-page\" data-elementor-id=\"74\" class=\"elementor elementor-74\" data-elementor-post-type=\"page\">\n\t\t\t\t<div class=\"elementor-element elementor-element-fe4495a e-flex e-con-boxed e-con e-parent\" data-id=\"fe4495a\" data-element_type=\"container\" data-e-type=\"container\">\n\t\t\t\t\t<div class=\"e-con-inner\">\n\t\t\t\t<div class=\"elementor-element elementor-element-d73346b elementor-widget elementor-widget-heading\" data-id=\"d73346b\" data-element_type=\"widget\" data-e-type=\"widget\" data-widget_type=\"heading.default\">\n\t\t\t\t<div class=\"elementor-widget-container\">\n\t\t\t\t\t<h2 class=\"elementor-heading-title elementor-size-default\">S\u1ef1 ri\u00eang t\u01b0<\/h2>\t\t\t\t<\/div>\n\t\t\t\t<\/div>\n\t\t\t\t<div class=\"elementor-element elementor-element-8b2a9d3 elementor-widget elementor-widget-text-editor\" data-id=\"8b2a9d3\" data-element_type=\"widget\" data-e-type=\"widget\" data-widget_type=\"text-editor.default\">\n\t\t\t\t<div class=\"elementor-widget-container\">\n\t\t\t\t\t\t\t\t\t<section class=\"elementor-section elementor-top-section elementor-element elementor-element-aa602b1 elementor-section-boxed elementor-section-height-default elementor-section-height-default\" data-id=\"aa602b1\" data-element_type=\"section\"><div class=\"elementor-container elementor-column-gap-default\"><div class=\"elementor-column elementor-col-100 elementor-top-column elementor-element elementor-element-deb4e48\" data-id=\"deb4e48\" data-element_type=\"column\"><div class=\"elementor-widget-wrap elementor-element-populated\"><div class=\"elementor-element elementor-element-88330ff elementor-widget elementor-widget-heading\" data-id=\"88330ff\" data-element_type=\"widget\" data-widget_type=\"heading.default\"><div class=\"elementor-widget-container\">\u00a0<\/div><\/div><\/div><\/div><\/div><\/section><section class=\"elementor-section elementor-top-section elementor-element elementor-element-e61e2e0 elementor-section-boxed elementor-section-height-default elementor-section-height-default\" data-id=\"e61e2e0\" data-element_type=\"section\"><div class=\"elementor-container elementor-column-gap-default\"><div class=\"elementor-column elementor-col-100 elementor-top-column elementor-element elementor-element-edbd578\" data-id=\"edbd578\" data-element_type=\"column\"><div class=\"elementor-widget-wrap elementor-element-populated\"><div class=\"elementor-element elementor-element-59fb3ca elementor-widget elementor-widget-text-editor\" data-id=\"59fb3ca\" data-element_type=\"widget\" data-widget_type=\"text-editor.default\"><div class=\"elementor-widget-container\"><p>FreeChatrandom.com (\u201cch\u00fang t\u00f4i\u201d, \u201cc\u1ee7a ch\u00fang t\u00f4i\u201d) coi tr\u1ecdng v\u00e0 t\u00f4n tr\u1ecdng quy\u1ec1n ri\u00eang t\u01b0 c\u1ee7a ng\u01b0\u1eddi d\u00f9ng (\u201cb\u1ea1n\u201d, \u201cc\u1ee7a b\u1ea1n\u201d ho\u1eb7c \u201cng\u01b0\u1eddi d\u00f9ng\u201d). Ch\u00ednh s\u00e1ch quy\u1ec1n ri\u00eang t\u01b0 n\u00e0y n\u00eau r\u00f5 c\u00e1c lo\u1ea1i th\u00f4ng tin ch\u00fang t\u00f4i thu th\u1eadp, c\u00e1ch ch\u00fang t\u00f4i s\u1eed d\u1ee5ng th\u00f4ng tin \u0111\u00f3 v\u00e0 c\u00e1c bi\u1ec7n ph\u00e1p ch\u00fang t\u00f4i th\u1ef1c hi\u1ec7n \u0111\u1ec3 b\u1ea3o v\u1ec7 th\u00f4ng tin c\u00e1 nh\u00e2n c\u1ee7a b\u1ea1n khi b\u1ea1n s\u1eed d\u1ee5ng d\u1ecbch v\u1ee5 c\u1ee7a ch\u00fang t\u00f4i. B\u1eb1ng c\u00e1ch truy c\u1eadp v\u00e0 s\u1eed d\u1ee5ng Freechatrandom.com, b\u1ea1n \u0111\u1ed3ng \u00fd v\u1edbi c\u00e1c \u0111i\u1ec1u kho\u1ea3n c\u1ee7a Ch\u00ednh s\u00e1ch quy\u1ec1n ri\u00eang t\u01b0 n\u00e0y.<\/p><h3>Th\u00f4ng tin ch\u00fang t\u00f4i thu th\u1eadp<\/h3><p>Ch\u00fang t\u00f4i c\u00f3 th\u1ec3 thu th\u1eadp c\u00e1c lo\u1ea1i th\u00f4ng tin sau t\u1eeb ng\u01b0\u1eddi d\u00f9ng:<\/p><p>a. Th\u00f4ng tin c\u00e1 nh\u00e2n: Bao g\u1ed3m th\u00f4ng tin c\u00f3 th\u1ec3 \u0111\u01b0\u1ee3c s\u1eed d\u1ee5ng \u0111\u1ec3 x\u00e1c \u0111\u1ecbnh b\u1ea1n, ch\u1eb3ng h\u1ea1n nh\u01b0 t\u00ean, \u0111\u1ecba ch\u1ec9 email v\u00e0 \u1ea3nh \u0111\u1ea1i di\u1ec7n c\u1ee7a b\u1ea1n. Ch\u00fang t\u00f4i ch\u1ec9 thu th\u1eadp th\u00f4ng tin n\u00e0y khi b\u1ea1n t\u1ef1 nguy\u1ec7n cung c\u1ea5p cho ch\u00fang t\u00f4i, ch\u1eb3ng h\u1ea1n nh\u01b0 khi b\u1ea1n t\u1ea1o t\u00e0i kho\u1ea3n ho\u1eb7c li\u00ean h\u1ec7 v\u1edbi ch\u00fang t\u00f4i \u0111\u1ec3 \u0111\u01b0\u1ee3c h\u1ed7 tr\u1ee3.<\/p><p>b. Th\u00f4ng tin s\u1eed d\u1ee5ng: Ch\u00fang t\u00f4i t\u1ef1 \u0111\u1ed9ng thu th\u1eadp m\u1ed9t s\u1ed1 th\u00f4ng tin nh\u1ea5t \u0111\u1ecbnh v\u1ec1 c\u00e1ch b\u1ea1n t\u01b0\u01a1ng t\u00e1c v\u1edbi n\u1ec1n t\u1ea3ng c\u1ee7a ch\u00fang t\u00f4i, bao g\u1ed3m \u0111\u1ecba ch\u1ec9 IP, lo\u1ea1i tr\u00ecnh duy\u1ec7t, h\u1ec7 \u0111i\u1ec1u h\u00e0nh, c\u00e1c trang \u0111\u00e3 truy c\u1eadp v\u00e0 th\u1eddi l\u01b0\u1ee3ng truy c\u1eadp c\u1ee7a b\u1ea1n.<\/p><p>c. Cookie v\u00e0 c\u00e1c c\u00f4ng ngh\u1ec7 t\u01b0\u01a1ng t\u1ef1: Ch\u00fang t\u00f4i s\u1eed d\u1ee5ng cookie v\u00e0 c\u00e1c c\u00f4ng ngh\u1ec7 t\u01b0\u01a1ng t\u1ef1 \u0111\u1ec3 n\u00e2ng cao tr\u1ea3i nghi\u1ec7m ng\u01b0\u1eddi d\u00f9ng, ghi nh\u1edb s\u1edf th\u00edch c\u1ee7a b\u1ea1n v\u00e0 thu th\u1eadp d\u1eef li\u1ec7u s\u1eed d\u1ee5ng t\u1ed5ng h\u1ee3p.<\/p><h3>Ch\u00fang t\u00f4i s\u1eed d\u1ee5ng th\u00f4ng tin c\u1ee7a b\u1ea1n nh\u01b0 th\u1ebf n\u00e0o<\/h3><p>Ch\u00fang t\u00f4i c\u00f3 th\u1ec3 s\u1eed d\u1ee5ng th\u00f4ng tin ch\u00fang t\u00f4i thu th\u1eadp cho c\u00e1c m\u1ee5c \u0111\u00edch sau:<\/p><p>a. Cung c\u1ea5p, duy tr\u00ec v\u00e0 c\u1ea3i thi\u1ec7n c\u00e1c d\u1ecbch v\u1ee5 c\u1ee7a ch\u00fang t\u00f4i.<\/p><p>b. \u0110\u1ec3 giao ti\u1ebfp v\u1edbi b\u1ea1n, tr\u1ea3 l\u1eddi c\u00e1c c\u00e2u h\u1ecfi v\u00e0 cung c\u1ea5p h\u1ed7 tr\u1ee3 kh\u00e1ch h\u00e0ng.<\/p><p>c. C\u00e1 nh\u00e2n h\u00f3a tr\u1ea3i nghi\u1ec7m ng\u01b0\u1eddi d\u00f9ng v\u00e0 cung c\u1ea5p n\u1ed9i dung ph\u00f9 h\u1ee3p v\u1edbi s\u1edf th\u00edch c\u1ee7a b\u1ea1n.<\/p><p>d. Theo d\u00f5i v\u00e0 ph\u00e2n t\u00edch vi\u1ec7c s\u1eed d\u1ee5ng n\u1ec1n t\u1ea3ng v\u00e0 xu h\u01b0\u1edbng \u0111\u1ec3 c\u1ea3i thi\u1ec7n d\u1ecbch v\u1ee5 c\u1ee7a ch\u00fang t\u00f4i.<\/p><p>e. Ph\u00e1t hi\u1ec7n, ng\u0103n ng\u1eeba v\u00e0 gi\u1ea3i quy\u1ebft c\u00e1c v\u1ea5n \u0111\u1ec1 k\u1ef9 thu\u1eadt v\u00e0 c\u00e1c m\u1ed1i \u0111e d\u1ecda an ninh ti\u1ec1m \u1ea9n.<\/p><p>f. \u0110\u1ec3 th\u1ef1c thi \u0110i\u1ec1u kho\u1ea3n d\u1ecbch v\u1ee5 c\u1ee7a ch\u00fang t\u00f4i v\u00e0 tu\u00e2n th\u1ee7 c\u00e1c ngh\u0129a v\u1ee5 ph\u00e1p l\u00fd.<\/p><h3>Chia s\u1ebb th\u00f4ng tin c\u1ee7a b\u1ea1n<\/h3><p>Ch\u00fang t\u00f4i s\u1ebd kh\u00f4ng chia s\u1ebb th\u00f4ng tin c\u00e1 nh\u00e2n c\u1ee7a b\u1ea1n v\u1edbi b\u00ean th\u1ee9 ba m\u00e0 kh\u00f4ng c\u00f3 s\u1ef1 \u0111\u1ed3ng \u00fd r\u00f5 r\u00e0ng c\u1ee7a b\u1ea1n, ngo\u1ea1i tr\u1eeb trong nh\u1eefng tr\u01b0\u1eddng h\u1ee3p sau:<\/p><p>a. \u0110\u1ec3 tu\u00e2n th\u1ee7 ngh\u0129a v\u1ee5 ph\u00e1p l\u00fd, ch\u1eb3ng h\u1ea1n nh\u01b0 l\u1ec7nh c\u1ee7a t\u00f2a \u00e1n, tr\u00e1t \u0111\u00f2i h\u1ea7u t\u00f2a ho\u1eb7c y\u00eau c\u1ea7u c\u1ee7a c\u01a1 quan th\u1ef1c thi ph\u00e1p lu\u1eadt.<\/p><p>b. \u0110\u1ec3 b\u1ea3o v\u1ec7 s\u1ef1 an to\u00e0n, quy\u1ec1n ho\u1eb7c t\u00e0i s\u1ea3n c\u1ee7a Freechatrandom.com, ng\u01b0\u1eddi d\u00f9ng c\u1ee7a ch\u00fang t\u00f4i ho\u1eb7c c\u00f4ng ch\u00fang.<\/p><p>c. Trong tr\u01b0\u1eddng h\u1ee3p s\u00e1p nh\u1eadp, mua l\u1ea1i ho\u1eb7c b\u00e1n t\u00e0i s\u1ea3n, khi \u0111\u00f3 th\u00f4ng tin c\u1ee7a b\u1ea1n c\u00f3 th\u1ec3 \u0111\u01b0\u1ee3c chuy\u1ec3n cho \u0111\u01a1n v\u1ecb mua l\u1ea1i.<\/p><h3>Bi\u1ec7n ph\u00e1p an ninh<\/h3><p>Ch\u00fang t\u00f4i coi tr\u1ecdng t\u00ednh b\u1ea3o m\u1eadt th\u00f4ng tin c\u00e1 nh\u00e2n c\u1ee7a b\u1ea1n v\u00e0 s\u1eed d\u1ee5ng c\u00e1c bi\u1ec7n ph\u00e1p ti\u00eau chu\u1ea9n c\u1ee7a ng\u00e0nh \u0111\u1ec3 b\u1ea3o v\u1ec7 th\u00f4ng tin kh\u1ecfi vi\u1ec7c truy c\u1eadp, ti\u1ebft l\u1ed9, thay \u0111\u1ed5i ho\u1eb7c ph\u00e1 h\u1ee7y tr\u00e1i ph\u00e9p. Tuy nhi\u00ean, kh\u00f4ng c\u00f3 ph\u01b0\u01a1ng ph\u00e1p truy\u1ec1n ho\u1eb7c l\u01b0u tr\u1eef d\u1eef li\u1ec7u tr\u1ef1c tuy\u1ebfn n\u00e0o l\u00e0 an to\u00e0n 100% v\u00e0 ch\u00fang t\u00f4i kh\u00f4ng th\u1ec3 \u0111\u1ea3m b\u1ea3o t\u00ednh b\u1ea3o m\u1eadt tuy\u1ec7t \u0111\u1ed1i cho th\u00f4ng tin c\u1ee7a b\u1ea1n.<\/p><h3>Quy\u1ec1n ri\u00eang t\u01b0 c\u1ee7a tr\u1ebb em<\/h3><p>Freechatrandom.com kh\u00f4ng d\u00e0nh cho ng\u01b0\u1eddi d\u00f9ng d\u01b0\u1edbi 18 tu\u1ed5i. Ch\u00fang t\u00f4i kh\u00f4ng c\u1ed1 \u00fd thu th\u1eadp th\u00f4ng tin c\u00e1 nh\u00e2n t\u1eeb tr\u1ebb em d\u01b0\u1edbi 18 tu\u1ed5i. N\u1ebfu ch\u00fang t\u00f4i bi\u1ebft r\u1eb1ng tr\u1ebb em d\u01b0\u1edbi 18 tu\u1ed5i \u0111\u00e3 cung c\u1ea5p th\u00f4ng tin c\u00e1 nh\u00e2n cho ch\u00fang t\u00f4i, ch\u00fang t\u00f4i s\u1ebd th\u1ef1c hi\u1ec7n c\u00e1c b\u01b0\u1edbc th\u00edch h\u1ee3p \u0111\u1ec3 x\u00f3a th\u00f4ng tin \u0111\u00f3 v\u00e0 ch\u1ea5m d\u1ee9t t\u00e0i kho\u1ea3n c\u1ee7a tr\u1ebb em \u0111\u00f3.<\/p><h3>Li\u00ean k\u1ebft c\u1ee7a b\u00ean th\u1ee9 ba<\/h3><p>N\u1ec1n t\u1ea3ng c\u1ee7a ch\u00fang t\u00f4i c\u00f3 th\u1ec3 ch\u1ee9a c\u00e1c li\u00ean k\u1ebft \u0111\u1ebfn c\u00e1c trang web v\u00e0 d\u1ecbch v\u1ee5 c\u1ee7a b\u00ean th\u1ee9 ba. Ch\u00fang t\u00f4i kh\u00f4ng ch\u1ecbu tr\u00e1ch nhi\u1ec7m v\u1ec1 c\u00e1c ho\u1ea1t \u0111\u1ed9ng b\u1ea3o m\u1eadt ho\u1eb7c n\u1ed9i dung c\u1ee7a c\u00e1c b\u00ean th\u1ee9 ba n\u00e0y. Ch\u00fang t\u00f4i khuy\u1ebfn kh\u00edch b\u1ea1n xem l\u1ea1i c\u00e1c ch\u00ednh s\u00e1ch b\u1ea3o m\u1eadt c\u1ee7a b\u1ea5t k\u1ef3 trang web ho\u1eb7c d\u1ecbch v\u1ee5 c\u1ee7a b\u00ean th\u1ee9 ba n\u00e0o m\u00e0 b\u1ea1n c\u00f3 th\u1ec3 truy c\u1eadp.<\/p><h3>Nh\u1eefng thay \u0111\u1ed5i trong Ch\u00ednh s\u00e1ch b\u1ea3o m\u1eadt c\u1ee7a ch\u00fang t\u00f4i<\/h3><p>Ch\u00fang t\u00f4i c\u00f3 th\u1ec3 c\u1eadp nh\u1eadt Ch\u00ednh s\u00e1ch b\u1ea3o m\u1eadt c\u1ee7a m\u00ecnh theo th\u1eddi gian \u0111\u1ec3 ph\u1ea3n \u00e1nh nh\u1eefng thay \u0111\u1ed5i trong ho\u1ea1t \u0111\u1ed9ng c\u1ee7a ch\u00fang t\u00f4i ho\u1eb7c lu\u1eadt hi\u1ec7n h\u00e0nh. Ch\u00fang t\u00f4i s\u1ebd th\u00f4ng b\u00e1o cho b\u1ea1n v\u1ec1 b\u1ea5t k\u1ef3 thay \u0111\u1ed5i quan tr\u1ecdng n\u00e0o b\u1eb1ng c\u00e1ch \u0111\u0103ng ch\u00ednh s\u00e1ch \u0111\u00e3 c\u1eadp nh\u1eadt tr\u00ean n\u1ec1n t\u1ea3ng c\u1ee7a ch\u00fang t\u00f4i, c\u00f9ng v\u1edbi ng\u00e0y c\u1eadp nh\u1eadt g\u1ea7n nh\u1ea5t. Vi\u1ec7c b\u1ea1n ti\u1ebfp t\u1ee5c s\u1eed d\u1ee5ng Freechatrandom.com sau b\u1ea5t k\u1ef3 thay \u0111\u1ed5i n\u00e0o \u0111\u1ed1i v\u1edbi Ch\u00ednh s\u00e1ch b\u1ea3o m\u1eadt c\u1ee7a ch\u00fang t\u00f4i c\u1ea5u th\u00e0nh s\u1ef1 ch\u1ea5p nh\u1eadn c\u1ee7a b\u1ea1n \u0111\u1ed1i v\u1edbi ch\u00ednh s\u00e1ch \u0111\u00e3 c\u1eadp nh\u1eadt.<\/p><h3>Li\u00ean h\u1ec7 v\u1edbi ch\u00fang t\u00f4i<\/h3><p>N\u1ebfu b\u1ea1n c\u00f3 b\u1ea5t k\u1ef3 c\u00e2u h\u1ecfi ho\u1eb7c th\u1eafc m\u1eafc n\u00e0o li\u00ean quan \u0111\u1ebfn Ch\u00ednh s\u00e1ch b\u1ea3o m\u1eadt ho\u1eb7c th\u00f4ng tin c\u00e1 nh\u00e2n c\u1ee7a b\u1ea1n, vui l\u00f2ng li\u00ean h\u1ec7 v\u1edbi ch\u00fang t\u00f4i qua trang li\u00ean h\u1ec7.<\/p><\/div><\/div><\/div><\/div><\/div><\/section>\t\t\t\t\t\t\t\t<\/div>\n\t\t\t\t<\/div>\n\t\t\t\t\t<\/div>\n\t\t\t\t<\/div>\n\t\t\t\t<\/div>","protected":false},"excerpt":{"rendered":"<p>Privacy \u00a0 FreeChatrandom.com (\u201cwe,\u201d \u201cus,\u201d or \u201cour\u201d) values and respects the privacy of its users (\u201cyou,\u201d \u201cyour,\u201d or \u201cuser\u201d). This Privacy Policy outlines the types of information we collect, how we use it, and the measures we take to safeguard your personal information when you use our services. By accessing and using Freechatrandom.com, you agree [&hellip;]<\/p>\n","protected":false},"author":1,"featured_media":0,"parent":0,"menu_order":0,"comment_status":"closed","ping_status":"closed","template":"","meta":{"footnotes":""},"class_list":["post-74","page","type-page","status-publish","hentry"],"yoast_head":"<!-- This site is optimized with the Yoast SEO plugin v26.9 - https:\/\/yoast.com\/product\/yoast-seo-wordpress\/ -->\n<title>Privacy - Chatrandom<\/title>\n<meta name=\"robots\" content=\"index, follow, max-snippet:-1, max-image-preview:large, max-video-preview:-1\" \/>\n<link rel=\"canonical\" href=\"https:\/\/freechatrandom.com\/vi\/su-rieng-tu\/\" \/>\n<meta property=\"og:locale\" content=\"vi_VN\" \/>\n<meta property=\"og:type\" content=\"article\" \/>\n<meta property=\"og:title\" content=\"Privacy - Chatrandom\" \/>\n<meta property=\"og:description\" content=\"Privacy \u00a0 FreeChatrandom.com (\u201cwe,\u201d \u201cus,\u201d or \u201cour\u201d) values and respects the privacy of its users (\u201cyou,\u201d \u201cyour,\u201d or \u201cuser\u201d). This Privacy Policy outlines the types of information we collect, how we use it, and the measures we take to safeguard your personal information when you use our services. By accessing and using Freechatrandom.com, you agree [&hellip;]\" \/>\n<meta property=\"og:url\" content=\"https:\/\/freechatrandom.com\/vi\/su-rieng-tu\/\" \/>\n<meta property=\"og:site_name\" content=\"Chatrandom\" \/>\n<meta property=\"article:modified_time\" content=\"2023-12-25T12:27:11+00:00\" \/>\n<meta name=\"twitter:card\" content=\"summary_large_image\" \/>\n<meta name=\"twitter:label1\" content=\"\u01af\u1edbc t\u00ednh th\u1eddi gian \u0111\u1ecdc\" \/>\n\t<meta name=\"twitter:data1\" content=\"6 ph\u00fat\" \/>\n<script type=\"application\/ld+json\" class=\"yoast-schema-graph\">{\"@context\":\"https:\/\/schema.org\",\"@graph\":[{\"@type\":\"WebPage\",\"@id\":\"https:\/\/freechatrandom.com\/privacy\/\",\"url\":\"https:\/\/freechatrandom.com\/privacy\/\",\"name\":\"Privacy - Chatrandom\",\"isPartOf\":{\"@id\":\"https:\/\/freechatrandom.com\/#website\"},\"datePublished\":\"2023-12-25T11:48:55+00:00\",\"dateModified\":\"2023-12-25T12:27:11+00:00\",\"breadcrumb\":{\"@id\":\"https:\/\/freechatrandom.com\/privacy\/#breadcrumb\"},\"inLanguage\":\"vi\",\"potentialAction\":[{\"@type\":\"ReadAction\",\"target\":[\"https:\/\/freechatrandom.com\/privacy\/\"]}]},{\"@type\":\"BreadcrumbList\",\"@id\":\"https:\/\/freechatrandom.com\/privacy\/#breadcrumb\",\"itemListElement\":[{\"@type\":\"ListItem\",\"position\":1,\"name\":\"Home\",\"item\":\"https:\/\/freechatrandom.com\/\"},{\"@type\":\"ListItem\",\"position\":2,\"name\":\"Privacy\"}]},{\"@type\":\"WebSite\",\"@id\":\"https:\/\/freechatrandom.com\/#website\",\"url\":\"https:\/\/freechatrandom.com\/\",\"name\":\"Chatrandom\",\"description\":\"\",\"publisher\":{\"@id\":\"https:\/\/freechatrandom.com\/#organization\"},\"potentialAction\":[{\"@type\":\"SearchAction\",\"target\":{\"@type\":\"EntryPoint\",\"urlTemplate\":\"https:\/\/freechatrandom.com\/?s={search_term_string}\"},\"query-input\":{\"@type\":\"PropertyValueSpecification\",\"valueRequired\":true,\"valueName\":\"search_term_string\"}}],\"inLanguage\":\"vi\"},{\"@type\":\"Organization\",\"@id\":\"https:\/\/freechatrandom.com\/#organization\",\"name\":\"Chatrandom\",\"url\":\"https:\/\/freechatrandom.com\/\",\"logo\":{\"@type\":\"ImageObject\",\"inLanguage\":\"vi\",\"@id\":\"https:\/\/freechatrandom.com\/#\/schema\/logo\/image\/\",\"url\":\"https:\/\/freechatrandom.com\/wp-content\/uploads\/2024\/12\/favicon.png\",\"contentUrl\":\"https:\/\/freechatrandom.com\/wp-content\/uploads\/2024\/12\/favicon.png\",\"width\":1024,\"height\":1024,\"caption\":\"Chatrandom\"},\"image\":{\"@id\":\"https:\/\/freechatrandom.com\/#\/schema\/logo\/image\/\"}}]}<\/script>\n<!-- \/ Yoast SEO plugin. -->","yoast_head_json":{"title":"Quy\u1ec1n ri\u00eang t\u01b0 - Chatrandom","robots":{"index":"index","follow":"follow","max-snippet":"max-snippet:-1","max-image-preview":"max-image-preview:large","max-video-preview":"max-video-preview:-1"},"canonical":"https:\/\/freechatrandom.com\/vi\/su-rieng-tu\/","og_locale":"vi_VN","og_type":"article","og_title":"Privacy - Chatrandom","og_description":"Privacy \u00a0 FreeChatrandom.com (\u201cwe,\u201d \u201cus,\u201d or \u201cour\u201d) values and respects the privacy of its users (\u201cyou,\u201d \u201cyour,\u201d or \u201cuser\u201d). This Privacy Policy outlines the types of information we collect, how we use it, and the measures we take to safeguard your personal information when you use our services. By accessing and using Freechatrandom.com, you agree [&hellip;]","og_url":"https:\/\/freechatrandom.com\/vi\/su-rieng-tu\/","og_site_name":"Chatrandom","article_modified_time":"2023-12-25T12:27:11+00:00","twitter_card":"summary_large_image","twitter_misc":{"\u01af\u1edbc t\u00ednh th\u1eddi gian \u0111\u1ecdc":"6 ph\u00fat"},"schema":{"@context":"https:\/\/schema.org","@graph":[{"@type":"WebPage","@id":"https:\/\/freechatrandom.com\/privacy\/","url":"https:\/\/freechatrandom.com\/privacy\/","name":"Quy\u1ec1n ri\u00eang t\u01b0 - Chatrandom","isPartOf":{"@id":"https:\/\/freechatrandom.com\/#website"},"datePublished":"2023-12-25T11:48:55+00:00","dateModified":"2023-12-25T12:27:11+00:00","breadcrumb":{"@id":"https:\/\/freechatrandom.com\/privacy\/#breadcrumb"},"inLanguage":"vi","potentialAction":[{"@type":"ReadAction","target":["https:\/\/freechatrandom.com\/privacy\/"]}]},{"@type":"BreadcrumbList","@id":"https:\/\/freechatrandom.com\/privacy\/#breadcrumb","itemListElement":[{"@type":"ListItem","position":1,"name":"Home","item":"https:\/\/freechatrandom.com\/"},{"@type":"ListItem","position":2,"name":"Privacy"}]},{"@type":"WebSite","@id":"https:\/\/freechatrandom.com\/#website","url":"https:\/\/freechatrandom.com\/","name":"Tr\u00f2 chuy\u1ec7n ng\u1eabu nhi\u00ean","description":"","publisher":{"@id":"https:\/\/freechatrandom.com\/#organization"},"potentialAction":[{"@type":"SearchAction","target":{"@type":"EntryPoint","urlTemplate":"https:\/\/freechatrandom.com\/?s={search_term_string}"},"query-input":{"@type":"PropertyValueSpecification","valueRequired":true,"valueName":"search_term_string"}}],"inLanguage":"vi"},{"@type":"Organization","@id":"https:\/\/freechatrandom.com\/#organization","name":"Tr\u00f2 chuy\u1ec7n ng\u1eabu nhi\u00ean","url":"https:\/\/freechatrandom.com\/","logo":{"@type":"ImageObject","inLanguage":"vi","@id":"https:\/\/freechatrandom.com\/#\/schema\/logo\/image\/","url":"https:\/\/freechatrandom.com\/wp-content\/uploads\/2024\/12\/favicon.png","contentUrl":"https:\/\/freechatrandom.com\/wp-content\/uploads\/2024\/12\/favicon.png","width":1024,"height":1024,"caption":"Chatrandom"},"image":{"@id":"https:\/\/freechatrandom.com\/#\/schema\/logo\/image\/"}}]}},"_links":{"self":[{"href":"https:\/\/freechatrandom.com\/vi\/wp-json\/wp\/v2\/pages\/74","targetHints":{"allow":["GET"]}}],"collection":[{"href":"https:\/\/freechatrandom.com\/vi\/wp-json\/wp\/v2\/pages"}],"about":[{"href":"https:\/\/freechatrandom.com\/vi\/wp-json\/wp\/v2\/types\/page"}],"author":[{"embeddable":true,"href":"https:\/\/freechatrandom.com\/vi\/wp-json\/wp\/v2\/users\/1"}],"replies":[{"embeddable":true,"href":"https:\/\/freechatrandom.com\/vi\/wp-json\/wp\/v2\/comments?post=74"}],"version-history":[{"count":6,"href":"https:\/\/freechatrandom.com\/vi\/wp-json\/wp\/v2\/pages\/74\/revisions"}],"predecessor-version":[{"id":101,"href":"https:\/\/freechatrandom.com\/vi\/wp-json\/wp\/v2\/pages\/74\/revisions\/101"}],"wp:attachment":[{"href":"https:\/\/freechatrandom.com\/vi\/wp-json\/wp\/v2\/media?parent=74"}],"curies":[{"name":"wp","href":"https:\/\/api.w.org\/{rel}","templated":true}]}}