{"id":36,"date":"2023-12-25T04:10:48","date_gmt":"2023-12-25T04:10:48","guid":{"rendered":"https:\/\/freechatrandom.com\/?page_id=36"},"modified":"2023-12-25T12:24:35","modified_gmt":"2023-12-25T12:24:35","slug":"dieu-khoan","status":"publish","type":"page","link":"https:\/\/freechatrandom.com\/vi\/dieu-khoan\/","title":{"rendered":"\u0110i\u1ec1u kho\u1ea3n"},"content":{"rendered":"<div data-elementor-type=\"wp-page\" data-elementor-id=\"36\" class=\"elementor elementor-36\" data-elementor-post-type=\"page\">\n\t\t\t\t<div class=\"elementor-element elementor-element-9554b82 e-flex e-con-boxed e-con e-parent\" data-id=\"9554b82\" data-element_type=\"container\" data-e-type=\"container\">\n\t\t\t\t\t<div class=\"e-con-inner\">\n\t\t\t\t<div class=\"elementor-element elementor-element-54d4d1c elementor-widget elementor-widget-heading\" data-id=\"54d4d1c\" data-element_type=\"widget\" data-e-type=\"widget\" data-widget_type=\"heading.default\">\n\t\t\t\t<div class=\"elementor-widget-container\">\n\t\t\t\t\t<h2 class=\"elementor-heading-title elementor-size-default\">\u0110i\u1ec1u kho\u1ea3n<\/h2>\t\t\t\t<\/div>\n\t\t\t\t<\/div>\n\t\t\t\t<div class=\"elementor-element elementor-element-c24bc50 elementor-widget elementor-widget-text-editor\" data-id=\"c24bc50\" data-element_type=\"widget\" data-e-type=\"widget\" data-widget_type=\"text-editor.default\">\n\t\t\t\t<div class=\"elementor-widget-container\">\n\t\t\t\t\t\t\t\t\t<p>Ch\u00e0o m\u1eebng \u0111\u1ebfn v\u1edbi FreeChatrandom.com! C\u00e1c \u0110i\u1ec1u kho\u1ea3n d\u1ecbch v\u1ee5 n\u00e0y (\u201c\u0110i\u1ec1u kho\u1ea3n\u201d) chi ph\u1ed1i vi\u1ec7c b\u1ea1n truy c\u1eadp v\u00e0 s\u1eed d\u1ee5ng trang web, d\u1ecbch v\u1ee5 v\u00e0 \u1ee9ng d\u1ee5ng c\u1ee7a ch\u00fang t\u00f4i (g\u1ecdi chung l\u00e0 \u201cD\u1ecbch v\u1ee5\u201d). Vui l\u00f2ng \u0111\u1ecdc k\u1ef9 c\u00e1c \u0110i\u1ec1u kho\u1ea3n n\u00e0y. B\u1eb1ng c\u00e1ch truy c\u1eadp ho\u1eb7c s\u1eed d\u1ee5ng D\u1ecbch v\u1ee5 c\u1ee7a ch\u00fang t\u00f4i, b\u1ea1n \u0111\u1ed3ng \u00fd b\u1ecb r\u00e0ng bu\u1ed9c b\u1edfi c\u00e1c \u0110i\u1ec1u kho\u1ea3n n\u00e0y v\u00e0 Ch\u00ednh s\u00e1ch quy\u1ec1n ri\u00eang t\u01b0 c\u1ee7a ch\u00fang t\u00f4i.<\/p><h3>\u0110i\u1ec1u ki\u1ec7n \u0111\u1ee7<\/h3><p>\u0110\u1ec3 truy c\u1eadp v\u00e0 s\u1eed d\u1ee5ng D\u1ecbch v\u1ee5 c\u1ee7a ch\u00fang t\u00f4i, b\u1ea1n ph\u1ea3i \u00edt nh\u1ea5t 13 tu\u1ed5i. B\u1eb1ng c\u00e1ch s\u1eed d\u1ee5ng FreeChatrandom.com, b\u1ea1n tuy\u00ean b\u1ed1 v\u00e0 b\u1ea3o \u0111\u1ea3m r\u1eb1ng b\u1ea1n \u0111\u00e1p \u1ee9ng y\u00eau c\u1ea7u v\u1ec1 \u0111\u1ed9 tu\u1ed5i v\u00e0 c\u00f3 n\u0103ng l\u1ef1c ph\u00e1p l\u00fd \u0111\u1ec3 tham gia v\u00e0o c\u00e1c \u0110i\u1ec1u kho\u1ea3n n\u00e0y. N\u1ebfu b\u1ea1n d\u01b0\u1edbi 18 tu\u1ed5i, b\u1ea1n kh\u00f4ng \u0111\u01b0\u1ee3c s\u1eed d\u1ee5ng D\u1ecbch v\u1ee5 c\u1ee7a ch\u00fang t\u00f4i.<\/p><h3>H\u00e0nh vi c\u1ee7a ng\u01b0\u1eddi d\u00f9ng<\/h3><p>B\u1ea1n ho\u00e0n to\u00e0n ch\u1ecbu tr\u00e1ch nhi\u1ec7m v\u1ec1 h\u00e0nh vi c\u1ee7a m\u00ecnh khi s\u1eed d\u1ee5ng D\u1ecbch v\u1ee5 c\u1ee7a ch\u00fang t\u00f4i. B\u1ea1n \u0111\u1ed3ng \u00fd tu\u00e2n th\u1ee7 Quy t\u1eafc \u1ee9ng x\u1eed c\u1ee7a ch\u00fang t\u00f4i, c\u0169ng nh\u01b0 b\u1ea5t k\u1ef3 lu\u1eadt v\u00e0 quy \u0111\u1ecbnh n\u00e0o c\u1ee7a \u0111\u1ecba ph\u01b0\u01a1ng, ti\u1ec3u bang, qu\u1ed1c gia v\u00e0 qu\u1ed1c t\u1ebf hi\u1ec7n h\u00e0nh. B\u1ea5t k\u1ef3 h\u00e0nh vi vi ph\u1ea1m n\u00e0o \u0111\u1ed1i v\u1edbi c\u00e1c \u0110i\u1ec1u kho\u1ea3n n\u00e0y ho\u1eb7c Quy t\u1eafc \u1ee9ng x\u1eed c\u1ee7a ch\u00fang t\u00f4i \u0111\u1ec1u c\u00f3 th\u1ec3 d\u1eabn \u0111\u1ebfn vi\u1ec7c \u0111\u00ecnh ch\u1ec9 ho\u1eb7c ch\u1ea5m d\u1ee9t quy\u1ec1n truy c\u1eadp c\u1ee7a b\u1ea1n v\u00e0o D\u1ecbch v\u1ee5 c\u1ee7a ch\u00fang t\u00f4i.<\/p><h3>N\u1ed9i dung ng\u01b0\u1eddi d\u00f9ng<\/h3><p>Freechatrandom.com c\u00f3 th\u1ec3 cho ph\u00e9p ng\u01b0\u1eddi d\u00f9ng g\u1eedi, \u0111\u0103ng ho\u1eb7c chia s\u1ebb n\u1ed9i dung, ch\u1eb3ng h\u1ea1n nh\u01b0 v\u0103n b\u1ea3n, h\u00ecnh \u1ea3nh ho\u1eb7c video (\u201cN\u1ed9i dung c\u1ee7a ng\u01b0\u1eddi d\u00f9ng\u201d). B\u1ea1n v\u1eabn gi\u1eef quy\u1ec1n s\u1edf h\u1eefu N\u1ed9i dung c\u1ee7a ng\u01b0\u1eddi d\u00f9ng nh\u01b0ng c\u1ea5p cho ch\u00fang t\u00f4i gi\u1ea5y ph\u00e9p to\u00e0n c\u1ea7u, kh\u00f4ng \u0111\u1ed9c quy\u1ec1n, mi\u1ec5n ph\u00ed b\u1ea3n quy\u1ec1n, c\u00f3 th\u1ec3 c\u1ea5p ph\u00e9p l\u1ea1i v\u00e0 c\u00f3 th\u1ec3 chuy\u1ec3n nh\u01b0\u1ee3ng \u0111\u1ec3 s\u1eed d\u1ee5ng, sao ch\u00e9p, ph\u00e2n ph\u1ed1i, t\u1ea1o c\u00e1c t\u00e1c ph\u1ea9m ph\u00e1i sinh, hi\u1ec3n th\u1ecb v\u00e0 th\u1ef1c hi\u1ec7n N\u1ed9i dung c\u1ee7a ng\u01b0\u1eddi d\u00f9ng c\u1ee7a b\u1ea1n li\u00ean quan \u0111\u1ebfn D\u1ecbch v\u1ee5 c\u1ee7a ch\u00fang t\u00f4i.<\/p><p>B\u1ea1n tuy\u00ean b\u1ed1 v\u00e0 b\u1ea3o \u0111\u1ea3m r\u1eb1ng b\u1ea1n c\u00f3 c\u00e1c quy\u1ec1n, gi\u1ea5y ph\u00e9p v\u00e0 s\u1ef1 cho ph\u00e9p c\u1ea7n thi\u1ebft \u0111\u1ec3 c\u1ea5p gi\u1ea5y ph\u00e9p n\u00e0y v\u00e0 N\u1ed9i dung ng\u01b0\u1eddi d\u00f9ng c\u1ee7a b\u1ea1n kh\u00f4ng vi ph\u1ea1m b\u1ea5t k\u1ef3 quy\u1ec1n n\u00e0o c\u1ee7a b\u00ean th\u1ee9 ba, bao g\u1ed3m quy\u1ec1n s\u1edf h\u1eefu tr\u00ed tu\u1ec7, quy\u1ec1n ri\u00eang t\u01b0 ho\u1eb7c quy\u1ec1n c\u00f4ng khai.<\/p><h3>S\u1edf h\u1eefu tr\u00ed tu\u1ec7<\/h3><p>T\u1ea5t c\u1ea3 n\u1ed9i dung v\u00e0 t\u00e0i li\u1ec7u tr\u00ean D\u1ecbch v\u1ee5 c\u1ee7a ch\u00fang t\u00f4i, bao g\u1ed3m v\u0103n b\u1ea3n, \u0111\u1ed3 h\u1ecda, logo, bi\u1ec3u t\u01b0\u1ee3ng, h\u00ecnh \u1ea3nh v\u00e0 ph\u1ea7n m\u1ec1m, \u0111\u1ec1u l\u00e0 t\u00e0i s\u1ea3n c\u1ee7a FreeChatrandom.com ho\u1eb7c b\u00ean c\u1ea5p ph\u00e9p c\u1ee7a FreeChatrandom.com v\u00e0 \u0111\u01b0\u1ee3c b\u1ea3o v\u1ec7 b\u1edfi lu\u1eadt b\u1ea3n quy\u1ec1n, nh\u00e3n hi\u1ec7u v\u00e0 lu\u1eadt s\u1edf h\u1eefu tr\u00ed tu\u1ec7 kh\u00e1c. B\u1ea1n kh\u00f4ng \u0111\u01b0\u1ee3c sao ch\u00e9p, ph\u00e2n ph\u1ed1i, s\u1eeda \u0111\u1ed5i, t\u1ea1o t\u00e1c ph\u1ea9m ph\u00e1i sinh, hi\u1ec3n th\u1ecb c\u00f4ng khai ho\u1eb7c khai th\u00e1c th\u01b0\u01a1ng m\u1ea1i b\u1ea5t k\u1ef3 n\u1ed9i dung ho\u1eb7c t\u00e0i li\u1ec7u n\u00e0o tr\u00ean D\u1ecbch v\u1ee5 c\u1ee7a ch\u00fang t\u00f4i m\u00e0 kh\u00f4ng c\u00f3 s\u1ef1 \u0111\u1ed3ng \u00fd tr\u01b0\u1edbc b\u1eb1ng v\u0103n b\u1ea3n c\u1ee7a ch\u00fang t\u00f4i.<\/p><h3>Tuy\u00ean b\u1ed1 t\u1eeb ch\u1ed1i b\u1ea3o h\u00e0nh<\/h3><p>D\u1ecbch v\u1ee5 c\u1ee7a ch\u00fang t\u00f4i \u0111\u01b0\u1ee3c cung c\u1ea5p &quot;nguy\u00ean tr\u1ea1ng&quot; v\u00e0 &quot;khi c\u00f3 s\u1eb5n&quot; m\u00e0 kh\u00f4ng c\u00f3 b\u1ea5t k\u1ef3 b\u1ea3o \u0111\u1ea3m n\u00e0o, d\u00f9 l\u00e0 r\u00f5 r\u00e0ng hay ng\u1ee5 \u00fd, bao g\u1ed3m nh\u01b0ng kh\u00f4ng gi\u1edbi h\u1ea1n \u1edf b\u1ea3o \u0111\u1ea3m ng\u1ee5 \u00fd v\u1ec1 kh\u1ea3 n\u0103ng b\u00e1n \u0111\u01b0\u1ee3c, ph\u00f9 h\u1ee3p v\u1edbi m\u1ee5c \u0111\u00edch c\u1ee5 th\u1ec3 v\u00e0 kh\u00f4ng vi ph\u1ea1m. FreeChatrandom.com kh\u00f4ng b\u1ea3o \u0111\u1ea3m r\u1eb1ng D\u1ecbch v\u1ee5 s\u1ebd kh\u00f4ng c\u00f3 l\u1ed7i, kh\u00f4ng b\u1ecb gi\u00e1n \u0111o\u1ea1n, an to\u00e0n ho\u1eb7c kh\u00f4ng c\u00f3 vi-r\u00fat ho\u1eb7c c\u00e1c th\u00e0nh ph\u1ea7n c\u00f3 h\u1ea1i kh\u00e1c.<\/p><h3>Gi\u1edbi h\u1ea1n tr\u00e1ch nhi\u1ec7m<\/h3><p>Trong m\u1ecdi tr\u01b0\u1eddng h\u1ee3p, FreeChatrandom.com ho\u1eb7c c\u00e1c chi nh\u00e1nh, gi\u00e1m \u0111\u1ed1c, c\u00e1n b\u1ed9, nh\u00e2n vi\u00ean ho\u1eb7c \u0111\u1ea1i l\u00fd c\u1ee7a FreeChatrandom.com s\u1ebd kh\u00f4ng ch\u1ecbu tr\u00e1ch nhi\u1ec7m cho b\u1ea5t k\u1ef3 thi\u1ec7t h\u1ea1i tr\u1ef1c ti\u1ebfp, gi\u00e1n ti\u1ebfp, ng\u1eabu nhi\u00ean, \u0111\u1eb7c bi\u1ec7t, h\u1eadu qu\u1ea3 ho\u1eb7c tr\u1eebng ph\u1ea1t n\u00e0o, bao g\u1ed3m nh\u01b0ng kh\u00f4ng gi\u1edbi h\u1ea1n \u1edf vi\u1ec7c m\u1ea5t l\u1ee3i nhu\u1eadn, d\u1eef li\u1ec7u ho\u1eb7c thi\u1ec7n ch\u00ed, ph\u00e1t sinh t\u1eeb ho\u1eb7c li\u00ean quan \u0111\u1ebfn vi\u1ec7c b\u1ea1n truy c\u1eadp ho\u1eb7c s\u1eed d\u1ee5ng D\u1ecbch v\u1ee5 c\u1ee7a ch\u00fang t\u00f4i, ngay c\u1ea3 khi \u0111\u00e3 \u0111\u01b0\u1ee3c th\u00f4ng b\u00e1o v\u1ec1 kh\u1ea3 n\u0103ng x\u1ea3y ra nh\u1eefng thi\u1ec7t h\u1ea1i \u0111\u00f3.<\/p><h3>B\u1ed3i th\u01b0\u1eddng<\/h3><p>B\u1ea1n \u0111\u1ed3ng \u00fd b\u1ed3i th\u01b0\u1eddng, b\u1ea3o v\u1ec7 v\u00e0 gi\u1eef cho FreeChatrandom.com v\u00e0 c\u00e1c chi nh\u00e1nh, gi\u00e1m \u0111\u1ed1c, c\u00e1n b\u1ed9, nh\u00e2n vi\u00ean v\u00e0 \u0111\u1ea1i l\u00fd c\u1ee7a FreeChatrandom.com kh\u00f4ng ph\u1ea3i ch\u1ecbu b\u1ea5t k\u1ef3 khi\u1ebfu n\u1ea1i, ngh\u0129a v\u1ee5, thi\u1ec7t h\u1ea1i, m\u1ea5t m\u00e1t ho\u1eb7c chi ph\u00ed n\u00e0o, bao g\u1ed3m c\u1ea3 ph\u00ed lu\u1eadt s\u01b0 h\u1ee3p l\u00fd, ph\u00e1t sinh t\u1eeb ho\u1eb7c li\u00ean quan \u0111\u1ebfn vi\u1ec7c b\u1ea1n truy c\u1eadp ho\u1eb7c s\u1eed d\u1ee5ng D\u1ecbch v\u1ee5 c\u1ee7a ch\u00fang t\u00f4i ho\u1eb7c vi\u1ec7c b\u1ea1n vi ph\u1ea1m c\u00e1c \u0110i\u1ec1u kho\u1ea3n n\u00e0y.<\/p><h3>Ch\u1ea5m d\u1ee9t<\/h3><p>Ch\u00fang t\u00f4i c\u00f3 to\u00e0n quy\u1ec1n quy\u1ebft \u0111\u1ecbnh t\u1ea1m ng\u1eebng ho\u1eb7c ch\u1ea5m d\u1ee9t quy\u1ec1n truy c\u1eadp c\u1ee7a b\u1ea1n v\u00e0o D\u1ecbch v\u1ee5 c\u1ee7a ch\u00fang t\u00f4i b\u1ea5t k\u1ef3 l\u00fac n\u00e0o, c\u00f3 ho\u1eb7c kh\u00f4ng c\u00f3 th\u00f4ng b\u00e1o, v\u00ec b\u1ea5t k\u1ef3 l\u00fd do g\u00ec, bao g\u1ed3m nh\u01b0ng kh\u00f4ng gi\u1edbi h\u1ea1n \u1edf vi\u1ec7c b\u1ea1n vi ph\u1ea1m c\u00e1c \u0110i\u1ec1u kho\u1ea3n n\u00e0y ho\u1eb7c Quy t\u1eafc \u1ee9ng x\u1eed c\u1ee7a ch\u00fang t\u00f4i.<\/p><h3>Nh\u1eefng thay \u0111\u1ed5i \u0111\u1ed1i v\u1edbi c\u00e1c \u0111i\u1ec1u kho\u1ea3n n\u00e0y<\/h3><p>Ch\u00fang t\u00f4i c\u00f3 th\u1ec3 c\u1eadp nh\u1eadt ho\u1eb7c s\u1eeda \u0111\u1ed5i c\u00e1c \u0110i\u1ec1u kho\u1ea3n n\u00e0y b\u1ea5t k\u1ef3 l\u00fac n\u00e0o, theo quy\u1ebft \u0111\u1ecbnh ri\u00eang c\u1ee7a ch\u00fang t\u00f4i. Ch\u00fang t\u00f4i s\u1ebd th\u00f4ng b\u00e1o cho b\u1ea1n v\u1ec1 b\u1ea5t k\u1ef3 thay \u0111\u1ed5i n\u00e0o b\u1eb1ng c\u00e1ch \u0111\u0103ng<\/p><p>\u0110i\u1ec1u kho\u1ea3n \u0111\u01b0\u1ee3c c\u1eadp nh\u1eadt tr\u00ean n\u1ec1n t\u1ea3ng c\u1ee7a ch\u00fang t\u00f4i, c\u00f9ng v\u1edbi ng\u00e0y c\u1eadp nh\u1eadt g\u1ea7n nh\u1ea5t. Vi\u1ec7c b\u1ea1n ti\u1ebfp t\u1ee5c s\u1eed d\u1ee5ng D\u1ecbch v\u1ee5 c\u1ee7a ch\u00fang t\u00f4i sau b\u1ea5t k\u1ef3 thay \u0111\u1ed5i n\u00e0o \u0111\u1ed1i v\u1edbi c\u00e1c \u0110i\u1ec1u kho\u1ea3n n\u00e0y c\u1ea5u th\u00e0nh s\u1ef1 ch\u1ea5p nh\u1eadn c\u1ee7a b\u1ea1n \u0111\u1ed1i v\u1edbi c\u00e1c \u0110i\u1ec1u kho\u1ea3n \u0111\u01b0\u1ee3c c\u1eadp nh\u1eadt.<\/p><h3>Lu\u1eadt \u0111i\u1ec1u ch\u1ec9nh v\u00e0 th\u1ea9m quy\u1ec1n<\/h3><p>C\u00e1c \u0110i\u1ec1u kho\u1ea3n n\u00e0y v\u00e0 b\u1ea5t k\u1ef3 tranh ch\u1ea5p n\u00e0o ph\u00e1t sinh t\u1eeb ho\u1eb7c li\u00ean quan \u0111\u1ebfn c\u00e1c \u0110i\u1ec1u kho\u1ea3n n\u00e0y ho\u1eb7c vi\u1ec7c b\u1ea1n s\u1eed d\u1ee5ng D\u1ecbch v\u1ee5 c\u1ee7a ch\u00fang t\u00f4i s\u1ebd \u0111\u01b0\u1ee3c \u0111i\u1ec1u ch\u1ec9nh v\u00e0 di\u1ec5n gi\u1ea3i theo lu\u1eadt ph\u00e1p c\u1ee7a H\u00e0 Lan. B\u1ea1n \u0111\u1ed3ng \u00fd tu\u00e2n theo th\u1ea9m quy\u1ec1n t\u00e0i ph\u00e1n \u0111\u1ed9c quy\u1ec1n c\u1ee7a t\u00f2a \u00e1n H\u00e0 Lan \u0111\u1ec3 gi\u1ea3i quy\u1ebft b\u1ea5t k\u1ef3 tranh ch\u1ea5p n\u00e0o ph\u00e1t sinh t\u1eeb ho\u1eb7c li\u00ean quan \u0111\u1ebfn c\u00e1c \u0110i\u1ec1u kho\u1ea3n n\u00e0y ho\u1eb7c vi\u1ec7c b\u1ea1n s\u1eed d\u1ee5ng D\u1ecbch v\u1ee5 c\u1ee7a ch\u00fang t\u00f4i.<\/p><h3>Kh\u1ea3 n\u0103ng t\u00e1ch r\u1eddi<\/h3><p>N\u1ebfu b\u1ea5t k\u1ef3 \u0111i\u1ec1u kho\u1ea3n n\u00e0o trong c\u00e1c \u0110i\u1ec1u kho\u1ea3n n\u00e0y b\u1ecb t\u00f2a \u00e1n c\u00f3 th\u1ea9m quy\u1ec1n ph\u00e1n quy\u1ebft l\u00e0 kh\u00f4ng h\u1ee3p l\u1ec7 ho\u1eb7c kh\u00f4ng th\u1ec3 thi h\u00e0nh, th\u00ec c\u00e1c \u0111i\u1ec1u kho\u1ea3n c\u00f2n l\u1ea1i c\u1ee7a c\u00e1c \u0110i\u1ec1u kho\u1ea3n n\u00e0y v\u1eabn c\u00f3 hi\u1ec7u l\u1ef1c \u0111\u1ea7y \u0111\u1ee7.<\/p><h3>Mi\u1ec5n tr\u1eeb<\/h3><p>Vi\u1ec7c kh\u00f4ng t\u1eeb b\u1ecf b\u1ea5t k\u1ef3 \u0111i\u1ec1u kho\u1ea3n n\u00e0o trong c\u00e1c \u0110i\u1ec1u kho\u1ea3n n\u00e0y s\u1ebd \u0111\u01b0\u1ee3c coi l\u00e0 s\u1ef1 t\u1eeb b\u1ecf ti\u1ebfp theo ho\u1eb7c ti\u1ebfp t\u1ee5c \u0111\u1ed1i v\u1edbi \u0111i\u1ec1u kho\u1ea3n \u0111\u00f3 ho\u1eb7c b\u1ea5t k\u1ef3 \u0111i\u1ec1u kho\u1ea3n n\u00e0o kh\u00e1c, v\u00e0 vi\u1ec7c ch\u00fang t\u00f4i kh\u00f4ng kh\u1eb3ng \u0111\u1ecbnh b\u1ea5t k\u1ef3 quy\u1ec1n ho\u1eb7c \u0111i\u1ec1u kho\u1ea3n n\u00e0o theo c\u00e1c \u0110i\u1ec1u kho\u1ea3n n\u00e0y s\u1ebd kh\u00f4ng c\u1ea5u th\u00e0nh s\u1ef1 t\u1eeb b\u1ecf quy\u1ec1n ho\u1eb7c \u0111i\u1ec1u kho\u1ea3n \u0111\u00f3.<\/p><h3>Li\u00ean h\u1ec7 v\u1edbi ch\u00fang t\u00f4i<\/h3><p>N\u1ebfu b\u1ea1n c\u00f3 b\u1ea5t k\u1ef3 c\u00e2u h\u1ecfi ho\u1eb7c th\u1eafc m\u1eafc n\u00e0o v\u1ec1 c\u00e1c \u0110i\u1ec1u kho\u1ea3n n\u00e0y, vui l\u00f2ng li\u00ean h\u1ec7 v\u1edbi ch\u00fang t\u00f4i qua trang li\u00ean h\u1ec7.<\/p>\t\t\t\t\t\t\t\t<\/div>\n\t\t\t\t<\/div>\n\t\t\t\t\t<\/div>\n\t\t\t\t<\/div>\n\t\t\t\t<\/div>","protected":false},"excerpt":{"rendered":"<p>Terms Welcome to FreeChatrandom.com! These Terms of Service (\u201cTerms\u201d) govern your access to and use of our website, services, and applications (collectively, the \u201cServices\u201d). Please read these Terms carefully. By accessing or using our Services, you agree to be bound by these Terms and our Privacy Policy. Eligibility To access and use our Services, you [&hellip;]<\/p>\n","protected":false},"author":1,"featured_media":0,"parent":0,"menu_order":0,"comment_status":"closed","ping_status":"closed","template":"","meta":{"footnotes":""},"class_list":["post-36","page","type-page","status-publish","hentry"],"yoast_head":"<!-- This site is optimized with the Yoast SEO plugin v26.9 - https:\/\/yoast.com\/product\/yoast-seo-wordpress\/ -->\n<title>Terms - Chatrandom<\/title>\n<meta name=\"robots\" content=\"index, follow, max-snippet:-1, max-image-preview:large, max-video-preview:-1\" \/>\n<link rel=\"canonical\" href=\"https:\/\/freechatrandom.com\/vi\/dieu-khoan\/\" \/>\n<meta property=\"og:locale\" content=\"vi_VN\" \/>\n<meta property=\"og:type\" content=\"article\" \/>\n<meta property=\"og:title\" content=\"Terms - Chatrandom\" \/>\n<meta property=\"og:description\" content=\"Terms Welcome to FreeChatrandom.com! These Terms of Service (\u201cTerms\u201d) govern your access to and use of our website, services, and applications (collectively, the \u201cServices\u201d). Please read these Terms carefully. By accessing or using our Services, you agree to be bound by these Terms and our Privacy Policy. Eligibility To access and use our Services, you [&hellip;]\" \/>\n<meta property=\"og:url\" content=\"https:\/\/freechatrandom.com\/vi\/dieu-khoan\/\" \/>\n<meta property=\"og:site_name\" content=\"Chatrandom\" \/>\n<meta property=\"article:modified_time\" content=\"2023-12-25T12:24:35+00:00\" \/>\n<meta name=\"twitter:card\" content=\"summary_large_image\" \/>\n<meta name=\"twitter:label1\" content=\"\u01af\u1edbc t\u00ednh th\u1eddi gian \u0111\u1ecdc\" \/>\n\t<meta name=\"twitter:data1\" content=\"4 ph\u00fat\" \/>\n<script type=\"application\/ld+json\" class=\"yoast-schema-graph\">{\"@context\":\"https:\/\/schema.org\",\"@graph\":[{\"@type\":\"WebPage\",\"@id\":\"https:\/\/freechatrandom.com\/terms\/\",\"url\":\"https:\/\/freechatrandom.com\/terms\/\",\"name\":\"Terms - Chatrandom\",\"isPartOf\":{\"@id\":\"https:\/\/freechatrandom.com\/#website\"},\"datePublished\":\"2023-12-25T04:10:48+00:00\",\"dateModified\":\"2023-12-25T12:24:35+00:00\",\"breadcrumb\":{\"@id\":\"https:\/\/freechatrandom.com\/terms\/#breadcrumb\"},\"inLanguage\":\"vi\",\"potentialAction\":[{\"@type\":\"ReadAction\",\"target\":[\"https:\/\/freechatrandom.com\/terms\/\"]}]},{\"@type\":\"BreadcrumbList\",\"@id\":\"https:\/\/freechatrandom.com\/terms\/#breadcrumb\",\"itemListElement\":[{\"@type\":\"ListItem\",\"position\":1,\"name\":\"Home\",\"item\":\"https:\/\/freechatrandom.com\/\"},{\"@type\":\"ListItem\",\"position\":2,\"name\":\"Terms\"}]},{\"@type\":\"WebSite\",\"@id\":\"https:\/\/freechatrandom.com\/#website\",\"url\":\"https:\/\/freechatrandom.com\/\",\"name\":\"Chatrandom\",\"description\":\"\",\"publisher\":{\"@id\":\"https:\/\/freechatrandom.com\/#organization\"},\"potentialAction\":[{\"@type\":\"SearchAction\",\"target\":{\"@type\":\"EntryPoint\",\"urlTemplate\":\"https:\/\/freechatrandom.com\/?s={search_term_string}\"},\"query-input\":{\"@type\":\"PropertyValueSpecification\",\"valueRequired\":true,\"valueName\":\"search_term_string\"}}],\"inLanguage\":\"vi\"},{\"@type\":\"Organization\",\"@id\":\"https:\/\/freechatrandom.com\/#organization\",\"name\":\"Chatrandom\",\"url\":\"https:\/\/freechatrandom.com\/\",\"logo\":{\"@type\":\"ImageObject\",\"inLanguage\":\"vi\",\"@id\":\"https:\/\/freechatrandom.com\/#\/schema\/logo\/image\/\",\"url\":\"https:\/\/freechatrandom.com\/wp-content\/uploads\/2024\/12\/favicon.png\",\"contentUrl\":\"https:\/\/freechatrandom.com\/wp-content\/uploads\/2024\/12\/favicon.png\",\"width\":1024,\"height\":1024,\"caption\":\"Chatrandom\"},\"image\":{\"@id\":\"https:\/\/freechatrandom.com\/#\/schema\/logo\/image\/\"}}]}<\/script>\n<!-- \/ Yoast SEO plugin. -->","yoast_head_json":{"title":"\u0110i\u1ec1u kho\u1ea3n - Chatrandom","robots":{"index":"index","follow":"follow","max-snippet":"max-snippet:-1","max-image-preview":"max-image-preview:large","max-video-preview":"max-video-preview:-1"},"canonical":"https:\/\/freechatrandom.com\/vi\/dieu-khoan\/","og_locale":"vi_VN","og_type":"article","og_title":"Terms - Chatrandom","og_description":"Terms Welcome to FreeChatrandom.com! These Terms of Service (\u201cTerms\u201d) govern your access to and use of our website, services, and applications (collectively, the \u201cServices\u201d). Please read these Terms carefully. By accessing or using our Services, you agree to be bound by these Terms and our Privacy Policy. Eligibility To access and use our Services, you [&hellip;]","og_url":"https:\/\/freechatrandom.com\/vi\/dieu-khoan\/","og_site_name":"Chatrandom","article_modified_time":"2023-12-25T12:24:35+00:00","twitter_card":"summary_large_image","twitter_misc":{"\u01af\u1edbc t\u00ednh th\u1eddi gian \u0111\u1ecdc":"4 ph\u00fat"},"schema":{"@context":"https:\/\/schema.org","@graph":[{"@type":"WebPage","@id":"https:\/\/freechatrandom.com\/terms\/","url":"https:\/\/freechatrandom.com\/terms\/","name":"\u0110i\u1ec1u kho\u1ea3n - Chatrandom","isPartOf":{"@id":"https:\/\/freechatrandom.com\/#website"},"datePublished":"2023-12-25T04:10:48+00:00","dateModified":"2023-12-25T12:24:35+00:00","breadcrumb":{"@id":"https:\/\/freechatrandom.com\/terms\/#breadcrumb"},"inLanguage":"vi","potentialAction":[{"@type":"ReadAction","target":["https:\/\/freechatrandom.com\/terms\/"]}]},{"@type":"BreadcrumbList","@id":"https:\/\/freechatrandom.com\/terms\/#breadcrumb","itemListElement":[{"@type":"ListItem","position":1,"name":"Home","item":"https:\/\/freechatrandom.com\/"},{"@type":"ListItem","position":2,"name":"Terms"}]},{"@type":"WebSite","@id":"https:\/\/freechatrandom.com\/#website","url":"https:\/\/freechatrandom.com\/","name":"Tr\u00f2 chuy\u1ec7n ng\u1eabu nhi\u00ean","description":"","publisher":{"@id":"https:\/\/freechatrandom.com\/#organization"},"potentialAction":[{"@type":"SearchAction","target":{"@type":"EntryPoint","urlTemplate":"https:\/\/freechatrandom.com\/?s={search_term_string}"},"query-input":{"@type":"PropertyValueSpecification","valueRequired":true,"valueName":"search_term_string"}}],"inLanguage":"vi"},{"@type":"Organization","@id":"https:\/\/freechatrandom.com\/#organization","name":"Tr\u00f2 chuy\u1ec7n ng\u1eabu nhi\u00ean","url":"https:\/\/freechatrandom.com\/","logo":{"@type":"ImageObject","inLanguage":"vi","@id":"https:\/\/freechatrandom.com\/#\/schema\/logo\/image\/","url":"https:\/\/freechatrandom.com\/wp-content\/uploads\/2024\/12\/favicon.png","contentUrl":"https:\/\/freechatrandom.com\/wp-content\/uploads\/2024\/12\/favicon.png","width":1024,"height":1024,"caption":"Chatrandom"},"image":{"@id":"https:\/\/freechatrandom.com\/#\/schema\/logo\/image\/"}}]}},"_links":{"self":[{"href":"https:\/\/freechatrandom.com\/vi\/wp-json\/wp\/v2\/pages\/36","targetHints":{"allow":["GET"]}}],"collection":[{"href":"https:\/\/freechatrandom.com\/vi\/wp-json\/wp\/v2\/pages"}],"about":[{"href":"https:\/\/freechatrandom.com\/vi\/wp-json\/wp\/v2\/types\/page"}],"author":[{"embeddable":true,"href":"https:\/\/freechatrandom.com\/vi\/wp-json\/wp\/v2\/users\/1"}],"replies":[{"embeddable":true,"href":"https:\/\/freechatrandom.com\/vi\/wp-json\/wp\/v2\/comments?post=36"}],"version-history":[{"count":7,"href":"https:\/\/freechatrandom.com\/vi\/wp-json\/wp\/v2\/pages\/36\/revisions"}],"predecessor-version":[{"id":95,"href":"https:\/\/freechatrandom.com\/vi\/wp-json\/wp\/v2\/pages\/36\/revisions\/95"}],"wp:attachment":[{"href":"https:\/\/freechatrandom.com\/vi\/wp-json\/wp\/v2\/media?parent=36"}],"curies":[{"name":"wp","href":"https:\/\/api.w.org\/{rel}","templated":true}]}}