{"id":36,"date":"2023-12-25T04:10:48","date_gmt":"2023-12-25T04:10:48","guid":{"rendered":"https:\/\/freechatrandom.com\/?page_id=36"},"modified":"2023-12-25T12:24:35","modified_gmt":"2023-12-25T12:24:35","slug":"podminky","status":"publish","type":"page","link":"https:\/\/freechatrandom.com\/cs\/podminky\/","title":{"rendered":"Podm\u00ednky"},"content":{"rendered":"<div data-elementor-type=\"wp-page\" data-elementor-id=\"36\" class=\"elementor elementor-36\" data-elementor-post-type=\"page\">\n\t\t\t\t<div class=\"elementor-element elementor-element-9554b82 e-flex e-con-boxed e-con e-parent\" data-id=\"9554b82\" data-element_type=\"container\" data-e-type=\"container\">\n\t\t\t\t\t<div class=\"e-con-inner\">\n\t\t\t\t<div class=\"elementor-element elementor-element-54d4d1c elementor-widget elementor-widget-heading\" data-id=\"54d4d1c\" data-element_type=\"widget\" data-e-type=\"widget\" data-widget_type=\"heading.default\">\n\t\t\t\t<div class=\"elementor-widget-container\">\n\t\t\t\t\t<h2 class=\"elementor-heading-title elementor-size-default\">Podm\u00ednky<\/h2>\t\t\t\t<\/div>\n\t\t\t\t<\/div>\n\t\t\t\t<div class=\"elementor-element elementor-element-c24bc50 elementor-widget elementor-widget-text-editor\" data-id=\"c24bc50\" data-element_type=\"widget\" data-e-type=\"widget\" data-widget_type=\"text-editor.default\">\n\t\t\t\t<div class=\"elementor-widget-container\">\n\t\t\t\t\t\t\t\t\t<p>V\u00edtejte na FreeChatrandom.com! Tyto Podm\u00ednky slu\u017eby (d\u00e1le jen \"Podm\u00ednky\") upravuj\u00ed v\u00e1\u0161 p\u0159\u00edstup na na\u0161e webov\u00e9 str\u00e1nky, slu\u017eby a aplikace (souhrnn\u011b \"Slu\u017eby\") a jejich pou\u017e\u00edv\u00e1n\u00ed. P\u0159e\u010dt\u011bte si pros\u00edm tyto Podm\u00ednky pozorn\u011b. P\u0159\u00edstupem k na\u0161im slu\u017eb\u00e1m nebo jejich pou\u017e\u00edv\u00e1n\u00edm souhlas\u00edte s t\u00edm, \u017ee se budete \u0159\u00eddit t\u011bmito Podm\u00ednkami a na\u0161imi Z\u00e1sadami ochrany osobn\u00edch \u00fadaj\u016f.<\/p><h3>Zp\u016fsobilost<\/h3><p>Pro p\u0159\u00edstup k na\u0161im slu\u017eb\u00e1m a jejich pou\u017e\u00edv\u00e1n\u00ed mus\u00edte b\u00fdt star\u0161\u00ed 13 let. Pou\u017e\u00edv\u00e1n\u00edm str\u00e1nek FreeChatrandom.com prohla\u0161ujete a zaru\u010dujete, \u017ee spl\u0148ujete v\u011bkovou podm\u00ednku a jste zp\u016fsobil\u00ed k uzav\u0159en\u00ed t\u011bchto podm\u00ednek. Pokud jste mlad\u0161\u00ed 18 let, nesm\u00edte na\u0161e slu\u017eby pou\u017e\u00edvat.<\/p><h3>Chov\u00e1n\u00ed u\u017eivatele<\/h3><p>Za sv\u00e9 chov\u00e1n\u00ed p\u0159i pou\u017e\u00edv\u00e1n\u00ed na\u0161ich slu\u017eeb nesete v\u00fdhradn\u00ed odpov\u011bdnost. Souhlas\u00edte s t\u00edm, \u017ee budete dodr\u017eovat na\u0161e Pravidla chov\u00e1n\u00ed, jako\u017e i ve\u0161ker\u00e9 platn\u00e9 m\u00edstn\u00ed, st\u00e1tn\u00ed, n\u00e1rodn\u00ed a mezin\u00e1rodn\u00ed z\u00e1kony a p\u0159edpisy. Jak\u00e9koli poru\u0161en\u00ed t\u011bchto podm\u00ednek nebo na\u0161ich pravidel chov\u00e1n\u00ed m\u016f\u017ee m\u00edt za n\u00e1sledek pozastaven\u00ed nebo ukon\u010den\u00ed va\u0161eho p\u0159\u00edstupu k na\u0161im slu\u017eb\u00e1m.<\/p><h3>U\u017eivatelsk\u00fd obsah<\/h3><p>Freechatrandom.com m\u016f\u017ee u\u017eivatel\u016fm umo\u017enit odes\u00edl\u00e1n\u00ed, zve\u0159ej\u0148ov\u00e1n\u00ed nebo sd\u00edlen\u00ed obsahu, jako je text, obr\u00e1zky nebo video (\"u\u017eivatelsk\u00fd obsah\"). U\u017eivatel si ponech\u00e1v\u00e1 vlastnictv\u00ed sv\u00e9ho u\u017eivatelsk\u00e9ho obsahu, ale ud\u011bluje n\u00e1m celosv\u011btovou, nev\u00fdhradn\u00ed, bezplatnou, sublicencovatelnou a p\u0159evoditelnou licenci k pou\u017e\u00edv\u00e1n\u00ed, reprodukci, distribuci, vytv\u00e1\u0159en\u00ed odvozen\u00fdch d\u011bl, zobrazov\u00e1n\u00ed a p\u0159edv\u00e1d\u011bn\u00ed sv\u00e9ho u\u017eivatelsk\u00e9ho obsahu v souvislosti s na\u0161imi slu\u017ebami.<\/p><p>Prohla\u0161ujete a zaru\u010dujete, \u017ee m\u00e1te pot\u0159ebn\u00e1 pr\u00e1va, licence a opr\u00e1vn\u011bn\u00ed k ud\u011blen\u00ed t\u00e9to licence a \u017ee v\u00e1\u0161 u\u017eivatelsk\u00fd obsah neporu\u0161uje \u017e\u00e1dn\u00e1 pr\u00e1va t\u0159et\u00edch stran, v\u010detn\u011b pr\u00e1v du\u0161evn\u00edho vlastnictv\u00ed, pr\u00e1v na soukrom\u00ed nebo pr\u00e1v na publicitu.<\/p><h3>Du\u0161evn\u00ed vlastnictv\u00ed<\/h3><p>Ve\u0161ker\u00fd obsah a materi\u00e1ly na\u0161ich slu\u017eeb, v\u010detn\u011b textu, grafiky, log, ikon, obr\u00e1zk\u016f a softwaru, jsou majetkem spole\u010dnosti FreeChatrandom.com nebo jej\u00edch poskytovatel\u016f licenc\u00ed a jsou chr\u00e1n\u011bny autorsk\u00fdmi pr\u00e1vy, ochrann\u00fdmi zn\u00e1mkami a dal\u0161\u00edmi z\u00e1kony o du\u0161evn\u00edm vlastnictv\u00ed. Bez na\u0161eho p\u0159edchoz\u00edho p\u00edsemn\u00e9ho souhlasu nesm\u00edte reprodukovat, distribuovat, upravovat, vytv\u00e1\u0159et odvozen\u00e1 d\u00edla, ve\u0159ejn\u011b vystavovat ani komer\u010dn\u011b vyu\u017e\u00edvat \u017e\u00e1dn\u00fd obsah nebo materi\u00e1ly v na\u0161ich slu\u017eb\u00e1ch.<\/p><h3>Z\u0159eknut\u00ed se z\u00e1ruk<\/h3><p>Na\u0161e slu\u017eby jsou poskytov\u00e1ny \"tak, jak jsou\" a \"tak, jak jsou k dispozici\", bez jak\u00fdchkoli z\u00e1ruk, a\u0165 u\u017e v\u00fdslovn\u00fdch nebo p\u0159edpokl\u00e1dan\u00fdch, mimo jin\u00e9 v\u010detn\u011b p\u0159edpokl\u00e1dan\u00fdch z\u00e1ruk prodejnosti, vhodnosti pro ur\u010dit\u00fd \u00fa\u010del a neporu\u0161ov\u00e1n\u00ed pr\u00e1v. FreeChatrandom.com nezaru\u010duje, \u017ee Slu\u017eby budou bezchybn\u00e9, nep\u0159eru\u0161ovan\u00e9, bezpe\u010dn\u00e9 nebo bez vir\u016f \u010di jin\u00fdch \u0161kodliv\u00fdch komponent.<\/p><h3>Omezen\u00ed odpov\u011bdnosti<\/h3><p>Spole\u010dnost FreeChatrandom.com ani jej\u00ed p\u0159idru\u017een\u00e9 spole\u010dnosti, \u0159editel\u00e9, vedouc\u00ed pracovn\u00edci, zam\u011bstnanci nebo z\u00e1stupci v \u017e\u00e1dn\u00e9m p\u0159\u00edpad\u011b nenesou odpov\u011bdnost za jak\u00e9koli p\u0159\u00edm\u00e9, nep\u0159\u00edm\u00e9, n\u00e1hodn\u00e9, zvl\u00e1\u0161tn\u00ed, n\u00e1sledn\u00e9 nebo sank\u010dn\u011b nahrazovan\u00e9 \u0161kody, mimo jin\u00e9 v\u010detn\u011b ztr\u00e1ty zisku, dat nebo dobr\u00e9ho jm\u00e9na, kter\u00e9 vznikly v d\u016fsledku va\u0161eho p\u0159\u00edstupu k na\u0161im slu\u017eb\u00e1m nebo jejich pou\u017e\u00edv\u00e1n\u00ed nebo v souvislosti s nimi, a to ani v p\u0159\u00edpad\u011b, \u017ee jste byli na mo\u017enost vzniku takov\u00fdch \u0161kod upozorn\u011bni.<\/p><h3>Od\u0161kodn\u011bn\u00ed<\/h3><p>Souhlas\u00edte s t\u00edm, \u017ee od\u0161kodn\u00edte, budete br\u00e1nit a ochr\u00e1n\u00edte spole\u010dnost FreeChatrandom.com a jej\u00ed p\u0159idru\u017een\u00e9 spole\u010dnosti, \u0159editele, vedouc\u00ed pracovn\u00edky, zam\u011bstnance a z\u00e1stupce p\u0159ed jak\u00fdmikoliv n\u00e1roky, z\u00e1vazky, \u0161kodami, ztr\u00e1tami nebo v\u00fddaji, v\u010detn\u011b p\u0159im\u011b\u0159en\u00fdch poplatk\u016f za pr\u00e1vn\u00ed zastoupen\u00ed, kter\u00e9 vzniknou v d\u016fsledku va\u0161eho p\u0159\u00edstupu k na\u0161im slu\u017eb\u00e1m nebo jejich pou\u017e\u00edv\u00e1n\u00ed nebo v souvislosti s poru\u0161en\u00edm t\u011bchto podm\u00ednek.<\/p><h3>Ukon\u010den\u00ed<\/h3><p>Vyhrazujeme si pr\u00e1vo dle vlastn\u00edho uv\u00e1\u017een\u00ed kdykoli pozastavit nebo ukon\u010dit v\u00e1\u0161 p\u0159\u00edstup k na\u0161im slu\u017eb\u00e1m, a to s upozorn\u011bn\u00edm nebo bez n\u011bj, z jak\u00e9hokoli d\u016fvodu, mimo jin\u00e9 v\u010detn\u011b poru\u0161en\u00ed t\u011bchto podm\u00ednek nebo na\u0161ich pravidel chov\u00e1n\u00ed.<\/p><h3>Zm\u011bny t\u011bchto podm\u00ednek<\/h3><p>Tyto podm\u00ednky m\u016f\u017eeme kdykoli aktualizovat nebo upravit podle vlastn\u00edho uv\u00e1\u017een\u00ed. O v\u0161ech zm\u011bn\u00e1ch v\u00e1s budeme informovat zve\u0159ejn\u011bn\u00edm<\/p><p>aktualizovan\u00e9 podm\u00ednky na na\u0161\u00ed platform\u011b spolu s datem posledn\u00ed aktualizace. Va\u0161e dal\u0161\u00ed pou\u017e\u00edv\u00e1n\u00ed na\u0161ich slu\u017eeb po jak\u00e9koli zm\u011bn\u011b t\u011bchto podm\u00ednek znamen\u00e1, \u017ee s aktualizovan\u00fdmi podm\u00ednkami souhlas\u00edte.<\/p><h3>Rozhodn\u00e9 pr\u00e1vo a soudn\u00ed p\u0159\u00edslu\u0161nost<\/h3><p>Tyto Podm\u00ednky a ve\u0161ker\u00e9 spory vznikl\u00e9 na z\u00e1klad\u011b t\u011bchto Podm\u00ednek nebo v souvislosti s nimi nebo s va\u0161\u00edm pou\u017e\u00edv\u00e1n\u00edm na\u0161ich Slu\u017eeb se \u0159\u00edd\u00ed a vykl\u00e1daj\u00ed v souladu s nizozemsk\u00fdmi z\u00e1kony. Souhlas\u00edte s t\u00edm, \u017ee se p\u0159i \u0159e\u0161en\u00ed jak\u00fdchkoli spor\u016f vypl\u00fdvaj\u00edc\u00edch z t\u011bchto Podm\u00ednek nebo v souvislosti s nimi nebo s va\u0161\u00edm pou\u017e\u00edv\u00e1n\u00edm na\u0161ich Slu\u017eeb pod\u0159\u00edd\u00edte v\u00fdlu\u010dn\u00e9 jurisdikci nizozemsk\u00fdch soud\u016f.<\/p><h3>Odd\u011blitelnost<\/h3><p>Pokud bude kter\u00e9koli ustanoven\u00ed t\u011bchto Podm\u00ednek shled\u00e1no p\u0159\u00edslu\u0161n\u00fdm soudem neplatn\u00fdm nebo nevymahateln\u00fdm, ostatn\u00ed ustanoven\u00ed t\u011bchto Podm\u00ednek z\u016fst\u00e1vaj\u00ed v platnosti.<\/p><h3>Z\u0159eknut\u00ed se pr\u00e1va<\/h3><p>\u017d\u00e1dn\u00e9 z\u0159eknut\u00ed se jak\u00e9hokoli ustanoven\u00ed t\u011bchto Podm\u00ednek se nepova\u017euje za dal\u0161\u00ed nebo trval\u00e9 z\u0159eknut\u00ed se takov\u00e9ho ustanoven\u00ed nebo jak\u00e9hokoli jin\u00e9ho ustanoven\u00ed a na\u0161e neuplatn\u011bn\u00ed jak\u00e9hokoli pr\u00e1va nebo ustanoven\u00ed podle t\u011bchto Podm\u00ednek nep\u0159edstavuje z\u0159eknut\u00ed se takov\u00e9ho pr\u00e1va nebo ustanoven\u00ed.<\/p><h3>Kontaktujte n\u00e1s<\/h3><p>M\u00e1te-li jak\u00e9koli dotazy nebo p\u0159ipom\u00ednky k t\u011bmto podm\u00ednk\u00e1m, kontaktujte n\u00e1s prost\u0159ednictv\u00edm na\u0161\u00ed kontaktn\u00ed str\u00e1nky.<\/p>\t\t\t\t\t\t\t\t<\/div>\n\t\t\t\t<\/div>\n\t\t\t\t\t<\/div>\n\t\t\t\t<\/div>\n\t\t\t\t<\/div>","protected":false},"excerpt":{"rendered":"<p>Terms Welcome to FreeChatrandom.com! These Terms of Service (\u201cTerms\u201d) govern your access to and use of our website, services, and applications (collectively, the \u201cServices\u201d). Please read these Terms carefully. By accessing or using our Services, you agree to be bound by these Terms and our Privacy Policy. Eligibility To access and use our Services, you [&hellip;]<\/p>\n","protected":false},"author":1,"featured_media":0,"parent":0,"menu_order":0,"comment_status":"closed","ping_status":"closed","template":"","meta":{"footnotes":""},"class_list":["post-36","page","type-page","status-publish","hentry"],"yoast_head":"<!-- This site is optimized with the Yoast SEO plugin v26.9 - https:\/\/yoast.com\/product\/yoast-seo-wordpress\/ -->\n<title>Terms - Chatrandom<\/title>\n<meta name=\"robots\" content=\"index, follow, max-snippet:-1, max-image-preview:large, max-video-preview:-1\" \/>\n<link rel=\"canonical\" href=\"https:\/\/freechatrandom.com\/cs\/podminky\/\" \/>\n<meta property=\"og:locale\" content=\"cs_CZ\" \/>\n<meta property=\"og:type\" content=\"article\" \/>\n<meta property=\"og:title\" content=\"Terms - Chatrandom\" \/>\n<meta property=\"og:description\" content=\"Terms Welcome to FreeChatrandom.com! These Terms of Service (\u201cTerms\u201d) govern your access to and use of our website, services, and applications (collectively, the \u201cServices\u201d). Please read these Terms carefully. By accessing or using our Services, you agree to be bound by these Terms and our Privacy Policy. Eligibility To access and use our Services, you [&hellip;]\" \/>\n<meta property=\"og:url\" content=\"https:\/\/freechatrandom.com\/cs\/podminky\/\" \/>\n<meta property=\"og:site_name\" content=\"Chatrandom\" \/>\n<meta property=\"article:modified_time\" content=\"2023-12-25T12:24:35+00:00\" \/>\n<meta name=\"twitter:card\" content=\"summary_large_image\" \/>\n<meta name=\"twitter:label1\" content=\"Odhadovan\u00e1 doba \u010dten\u00ed\" \/>\n\t<meta name=\"twitter:data1\" content=\"4 minuty\" \/>\n<script type=\"application\/ld+json\" class=\"yoast-schema-graph\">{\"@context\":\"https:\/\/schema.org\",\"@graph\":[{\"@type\":\"WebPage\",\"@id\":\"https:\/\/freechatrandom.com\/terms\/\",\"url\":\"https:\/\/freechatrandom.com\/terms\/\",\"name\":\"Terms - Chatrandom\",\"isPartOf\":{\"@id\":\"https:\/\/freechatrandom.com\/#website\"},\"datePublished\":\"2023-12-25T04:10:48+00:00\",\"dateModified\":\"2023-12-25T12:24:35+00:00\",\"breadcrumb\":{\"@id\":\"https:\/\/freechatrandom.com\/terms\/#breadcrumb\"},\"inLanguage\":\"cs\",\"potentialAction\":[{\"@type\":\"ReadAction\",\"target\":[\"https:\/\/freechatrandom.com\/terms\/\"]}]},{\"@type\":\"BreadcrumbList\",\"@id\":\"https:\/\/freechatrandom.com\/terms\/#breadcrumb\",\"itemListElement\":[{\"@type\":\"ListItem\",\"position\":1,\"name\":\"Home\",\"item\":\"https:\/\/freechatrandom.com\/\"},{\"@type\":\"ListItem\",\"position\":2,\"name\":\"Terms\"}]},{\"@type\":\"WebSite\",\"@id\":\"https:\/\/freechatrandom.com\/#website\",\"url\":\"https:\/\/freechatrandom.com\/\",\"name\":\"Chatrandom\",\"description\":\"\",\"publisher\":{\"@id\":\"https:\/\/freechatrandom.com\/#organization\"},\"potentialAction\":[{\"@type\":\"SearchAction\",\"target\":{\"@type\":\"EntryPoint\",\"urlTemplate\":\"https:\/\/freechatrandom.com\/?s={search_term_string}\"},\"query-input\":{\"@type\":\"PropertyValueSpecification\",\"valueRequired\":true,\"valueName\":\"search_term_string\"}}],\"inLanguage\":\"cs\"},{\"@type\":\"Organization\",\"@id\":\"https:\/\/freechatrandom.com\/#organization\",\"name\":\"Chatrandom\",\"url\":\"https:\/\/freechatrandom.com\/\",\"logo\":{\"@type\":\"ImageObject\",\"inLanguage\":\"cs\",\"@id\":\"https:\/\/freechatrandom.com\/#\/schema\/logo\/image\/\",\"url\":\"https:\/\/freechatrandom.com\/wp-content\/uploads\/2024\/12\/favicon.png\",\"contentUrl\":\"https:\/\/freechatrandom.com\/wp-content\/uploads\/2024\/12\/favicon.png\",\"width\":1024,\"height\":1024,\"caption\":\"Chatrandom\"},\"image\":{\"@id\":\"https:\/\/freechatrandom.com\/#\/schema\/logo\/image\/\"}}]}<\/script>\n<!-- \/ Yoast SEO plugin. -->","yoast_head_json":{"title":"Podm\u00ednky - Chatrandom","robots":{"index":"index","follow":"follow","max-snippet":"max-snippet:-1","max-image-preview":"max-image-preview:large","max-video-preview":"max-video-preview:-1"},"canonical":"https:\/\/freechatrandom.com\/cs\/podminky\/","og_locale":"cs_CZ","og_type":"article","og_title":"Terms - Chatrandom","og_description":"Terms Welcome to FreeChatrandom.com! These Terms of Service (\u201cTerms\u201d) govern your access to and use of our website, services, and applications (collectively, the \u201cServices\u201d). Please read these Terms carefully. By accessing or using our Services, you agree to be bound by these Terms and our Privacy Policy. Eligibility To access and use our Services, you [&hellip;]","og_url":"https:\/\/freechatrandom.com\/cs\/podminky\/","og_site_name":"Chatrandom","article_modified_time":"2023-12-25T12:24:35+00:00","twitter_card":"summary_large_image","twitter_misc":{"Odhadovan\u00e1 doba \u010dten\u00ed":"4 minuty"},"schema":{"@context":"https:\/\/schema.org","@graph":[{"@type":"WebPage","@id":"https:\/\/freechatrandom.com\/terms\/","url":"https:\/\/freechatrandom.com\/terms\/","name":"Podm\u00ednky - Chatrandom","isPartOf":{"@id":"https:\/\/freechatrandom.com\/#website"},"datePublished":"2023-12-25T04:10:48+00:00","dateModified":"2023-12-25T12:24:35+00:00","breadcrumb":{"@id":"https:\/\/freechatrandom.com\/terms\/#breadcrumb"},"inLanguage":"cs","potentialAction":[{"@type":"ReadAction","target":["https:\/\/freechatrandom.com\/terms\/"]}]},{"@type":"BreadcrumbList","@id":"https:\/\/freechatrandom.com\/terms\/#breadcrumb","itemListElement":[{"@type":"ListItem","position":1,"name":"Home","item":"https:\/\/freechatrandom.com\/"},{"@type":"ListItem","position":2,"name":"Terms"}]},{"@type":"WebSite","@id":"https:\/\/freechatrandom.com\/#website","url":"https:\/\/freechatrandom.com\/","name":"Chatrandom","description":"","publisher":{"@id":"https:\/\/freechatrandom.com\/#organization"},"potentialAction":[{"@type":"SearchAction","target":{"@type":"EntryPoint","urlTemplate":"https:\/\/freechatrandom.com\/?s={search_term_string}"},"query-input":{"@type":"PropertyValueSpecification","valueRequired":true,"valueName":"search_term_string"}}],"inLanguage":"cs"},{"@type":"Organization","@id":"https:\/\/freechatrandom.com\/#organization","name":"Chatrandom","url":"https:\/\/freechatrandom.com\/","logo":{"@type":"ImageObject","inLanguage":"cs","@id":"https:\/\/freechatrandom.com\/#\/schema\/logo\/image\/","url":"https:\/\/freechatrandom.com\/wp-content\/uploads\/2024\/12\/favicon.png","contentUrl":"https:\/\/freechatrandom.com\/wp-content\/uploads\/2024\/12\/favicon.png","width":1024,"height":1024,"caption":"Chatrandom"},"image":{"@id":"https:\/\/freechatrandom.com\/#\/schema\/logo\/image\/"}}]}},"_links":{"self":[{"href":"https:\/\/freechatrandom.com\/cs\/wp-json\/wp\/v2\/pages\/36","targetHints":{"allow":["GET"]}}],"collection":[{"href":"https:\/\/freechatrandom.com\/cs\/wp-json\/wp\/v2\/pages"}],"about":[{"href":"https:\/\/freechatrandom.com\/cs\/wp-json\/wp\/v2\/types\/page"}],"author":[{"embeddable":true,"href":"https:\/\/freechatrandom.com\/cs\/wp-json\/wp\/v2\/users\/1"}],"replies":[{"embeddable":true,"href":"https:\/\/freechatrandom.com\/cs\/wp-json\/wp\/v2\/comments?post=36"}],"version-history":[{"count":7,"href":"https:\/\/freechatrandom.com\/cs\/wp-json\/wp\/v2\/pages\/36\/revisions"}],"predecessor-version":[{"id":95,"href":"https:\/\/freechatrandom.com\/cs\/wp-json\/wp\/v2\/pages\/36\/revisions\/95"}],"wp:attachment":[{"href":"https:\/\/freechatrandom.com\/cs\/wp-json\/wp\/v2\/media?parent=36"}],"curies":[{"name":"wp","href":"https:\/\/api.w.org\/{rel}","templated":true}]}}